{"id":39,"date":"2023-07-28T11:07:40","date_gmt":"2023-07-28T16:07:40","guid":{"rendered":"http:\/\/190.60.110.143\/ediautorconexion\/public_html\/?page_id=39"},"modified":"2023-07-28T12:01:57","modified_gmt":"2023-07-28T17:01:57","slug":"registro-productor-audiovisual","status":"publish","type":"page","link":"https:\/\/trama.cerlalc.org\/?page_id=39","title":{"rendered":"Registro productor audiovisual"},"content":{"rendered":"\t<div class='user-registration ur-frontend-form  ' id='user-registration-form-37'>\n\t\t\t\t\t<form method='post' class='register' data-form-id=\"37\"\n\t\t\t\tdata-enable-strength-password=\"1\" data-minimum-password-strength=\"2\"  data-captcha-enabled=\"\">\n\n\t\t\t\t\t\t\t\t\t\t\t<div class='ur-form-row'>\n\t\t\t\t\t\t\t\t\t\t\t\t\t\t\t\t\t\t<div class=\"ur-form-grid ur-grid-1\"\n\t\t\t\t\t\t\t\t\t\t\t\tstyle=\"width:99%\">\n\t\t\t\t\t\t\t\t\t\t\t\t\t\t\t\t\t\t\t\t\t\t\t\t\t\t<div  data-field-id=\"display_name\" class=\"ur-field-item field-display_name \">\n\t\t\t\t\t\t\t\t\t\t\t\t\t\t<div class=\"form-row validate-required\" id=\"display_name_field\" data-priority=\"\" ><label for=\"display_name\" class=\"ur-label\">Raz\u00f3n social \u00f3 nombre de la empresa <abbr class=\"required\" title=\"required\">*<\/abbr><\/label> <span class=\"input-wrapper\"> <input data-rules=\"\" data-id=\"display_name\" type=\"text\" class=\"input-text  input-text ur-frontend-field  \" name=\"display_name\" id=\"display_name\" placeholder=\"\"  value=\"\" required=\"required\" data-label=\"Raz\u00f3n social \u00f3 nombre de la empresa\" \/> <\/span> <\/div>\t\t\t\t\t\t\t\t\t\t\t\t\t\t\t\t<\/div>\n\t\t\t\t\t\t\t\t\t\t\t\t\t\t\t\t\t\t\t\t\t\t\t\t\t\t\t\t\t\t<div  data-field-id=\"input_box_1690557109\" class=\"ur-field-item field-text \">\n\t\t\t\t\t\t\t\t\t\t\t\t\t\t<div class=\"form-row \" id=\"input_box_1690557109_field\" data-priority=\"\" ><label for=\"input_box_1690557109\" class=\"ur-label\">URL Logo<\/label> <span class=\"input-wrapper\"> <input data-rules=\"\" data-id=\"input_box_1690557109\" type=\"text\" class=\"input-text  input-text ur-frontend-field  \" name=\"input_box_1690557109\" id=\"input_box_1690557109\" placeholder=\"\"  value=\"\" data-label=\"URL Logo\" maxlength=\"50\" \/> <\/span> <span class=\"description\">Por favor pegue la URL de su logo o marca institucional en cualquiera de los siguientes formatos(.jpg, .jpeg, .webp o .png).<\/span><\/div>\t\t\t\t\t\t\t\t\t\t\t\t\t\t\t\t<\/div>\n\t\t\t\t\t\t\t\t\t\t\t\t\t\t\t\t\t\t\t\t\t\t\t\t\t\t\t\t\t\t<div  data-field-id=\"first_name\" class=\"ur-field-item field-first_name \">\n\t\t\t\t\t\t\t\t\t\t\t\t\t\t<div class=\"form-row validate-required\" id=\"first_name_field\" data-priority=\"\" ><label for=\"first_name\" class=\"ur-label\">Nombre del representante legal <abbr class=\"required\" title=\"required\">*<\/abbr><\/label> <span class=\"input-wrapper\"> <input data-rules=\"\" data-id=\"first_name\" type=\"text\" class=\"input-text  input-text ur-frontend-field  \" name=\"first_name\" id=\"first_name\" placeholder=\"\"  value=\"\" required=\"required\" data-label=\"Nombre del representante legal\" \/> <\/span> <\/div>\t\t\t\t\t\t\t\t\t\t\t\t\t\t\t\t<\/div>\n\t\t\t\t\t\t\t\t\t\t\t\t\t\t\t\t\t\t\t\t\t\t\t\t\t\t\t\t\t\t<div  data-field-id=\"last_name\" class=\"ur-field-item field-last_name \">\n\t\t\t\t\t\t\t\t\t\t\t\t\t\t<div class=\"form-row validate-required\" id=\"last_name_field\" data-priority=\"\" ><label for=\"last_name\" class=\"ur-label\">Apellidos del representante legal <abbr class=\"required\" title=\"required\">*<\/abbr><\/label> <span class=\"input-wrapper\"> <input data-rules=\"\" data-id=\"last_name\" type=\"text\" class=\"input-text  input-text ur-frontend-field  \" name=\"last_name\" id=\"last_name\" placeholder=\"\"  value=\"\" required=\"required\" data-label=\"Apellidos del representante legal\" \/> <\/span> <\/div>\t\t\t\t\t\t\t\t\t\t\t\t\t\t\t\t<\/div>\n\t\t\t\t\t\t\t\t\t\t\t\t\t\t\t\t\t\t\t\t\t\t\t\t\t\t\t\t\t\t<div  data-field-id=\"input_box_1690557271\" class=\"ur-field-item field-text \">\n\t\t\t\t\t\t\t\t\t\t\t\t\t\t<div class=\"form-row validate-required\" id=\"input_box_1690557271_field\" data-priority=\"\" ><label for=\"input_box_1690557271\" class=\"ur-label\">Cargo del representante legal <abbr class=\"required\" title=\"required\">*<\/abbr><\/label> <span class=\"input-wrapper\"> <input data-rules=\"\" data-id=\"input_box_1690557271\" type=\"text\" class=\"input-text  input-text ur-frontend-field  \" name=\"input_box_1690557271\" id=\"input_box_1690557271\" placeholder=\"\"  value=\"\" required=\"required\" data-label=\"Cargo del representante legal\" maxlength=\"50\" \/> <\/span> <\/div>\t\t\t\t\t\t\t\t\t\t\t\t\t\t\t\t<\/div>\n\t\t\t\t\t\t\t\t\t\t\t\t\t\t\t\t\t\t\t\t\t\t\t\t\t\t\t\t\t\t<div  data-field-id=\"user_email\" class=\"ur-field-item field-user_email \">\n\t\t\t\t\t\t\t\t\t\t\t\t\t\t<div class=\"form-row validate-required\" id=\"user_email_field\" data-priority=\"\" ><label for=\"user_email\" class=\"ur-label\">Correo electr\u00f3nico <abbr class=\"required\" title=\"required\">*<\/abbr><\/label> <span class=\"input-wrapper\"> <input data-rules=\"\" data-id=\"user_email\" type=\"email\" class=\"input-text  input-email ur-frontend-field  \" name=\"user_email\" id=\"user_email\" placeholder=\"\"  value=\"\" required=\"required\" data-label=\"Correo electr\u00f3nico\" \/> <\/span> <\/div>\t\t\t\t\t\t\t\t\t\t\t\t\t\t\t\t<\/div>\n\t\t\t\t\t\t\t\t\t\t\t\t\t\t\t\t\t\t\t\t\t\t\t\t\t\t\t\t\t\t<div  data-field-id=\"user_pass\" class=\"ur-field-item field-user_pass \">\n\t\t\t\t\t\t\t\t\t\t\t\t\t\t<div class=\"form-row validate-required hide_show_password\" id=\"user_pass_field\" data-priority=\"\"><label for=\"user_pass\" class=\"ur-label\">Contrase\u00f1a <abbr class=\"required\" title=\"required\">*<\/abbr><\/label> <span class=\"input-wrapper\"> <span class=\"password-input-group input-form-field-icons\"><input data-rules=\"\" data-id=\"user_pass\" type=\"password\" class=\"input-text  input-password ur-frontend-field  \" name=\"user_pass\" id=\"user_pass\" placeholder=\"\"  value=\"\" required=\"required\" data-label=\"Contrase\u00f1a\" \/><\/span> <\/span> <\/div>\t\t\t\t\t\t\t\t\t\t\t\t\t\t\t\t<\/div>\n\t\t\t\t\t\t\t\t\t\t\t\t\t\t\t\t\t\t\t\t\t\t\t\t\t\t\t\t\t\t<div  data-field-id=\"user_confirm_password\" class=\"ur-field-item field-user_confirm_password \">\n\t\t\t\t\t\t\t\t\t\t\t\t\t\t<div class=\"form-row validate-required hide_show_password\" id=\"user_confirm_password_field\" data-priority=\"\"><label for=\"user_confirm_password\" class=\"ur-label\">Confirma contrase\u00f1a <abbr class=\"required\" title=\"required\">*<\/abbr><\/label> <span class=\"input-wrapper\"> <span class=\"password-input-group input-form-field-icons\"><input data-rules=\"\" data-id=\"user_confirm_password\" type=\"password\" class=\"input-text  input-password ur-frontend-field  \" name=\"user_confirm_password\" id=\"user_confirm_password\" placeholder=\"\"  value=\"\" required=\"required\" data-label=\"Confirma contrase\u00f1a\" \/><\/span> <\/span> <\/div>\t\t\t\t\t\t\t\t\t\t\t\t\t\t\t\t<\/div>\n\t\t\t\t\t\t\t\t\t\t\t\t\t\t\t\t\t\t\t\t\t\t\t\t\t\t\t\t\t\t<div  data-field-id=\"user_url\" class=\"ur-field-item field-user_url \">\n\t\t\t\t\t\t\t\t\t\t\t\t\t\t<div class=\"form-row \" id=\"user_url_field\" data-priority=\"\" ><label for=\"user_url\" class=\"ur-label\">P\u00e1gina web &#8211; URL<\/label> <span class=\"input-wrapper\"> <input data-rules=\"\" data-id=\"user_url\" type=\"url\" class=\"input-text  input-url ur-frontend-field  \" name=\"user_url\" id=\"user_url\" placeholder=\"\"  value=\"\" data-label=\"P\u00e1gina web - URL\" \/> <\/span> <\/div>\t\t\t\t\t\t\t\t\t\t\t\t\t\t\t\t<\/div>\n\t\t\t\t\t\t\t\t\t\t\t\t\t\t\t\t\t\t\t\t\t\t\t\t\t\t\t\t\t\t<div  data-field-id=\"select_1690557694\" class=\"ur-field-item field-select \">\n\t\t\t\t\t\t\t\t\t\t\t\t\t\t<div class=\"form-row validate-required\" id=\"select_1690557694_field\" data-priority=\"\" ><label for=\"select_1690557694\" class=\"ur-label\">La empresa hace parte de alguna de las entidades que integran La Federaci\u00f3n Iberoamericana de Productores Cinematogr\u00e1ficos y Audiovisuales, FIPCA <abbr class=\"required\" title=\"required\">*<\/abbr><\/label><select data-rules=\"\" data-id=\"select_1690557694\" name=\"select_1690557694\" id=\"select_1690557694\" class=\"select ur-frontend-field  \" required=\"required\" data-label=\"La empresa hace parte de alguna de las entidades que integran La Federaci\u00f3n Iberoamericana de Productores Cinematogr\u00e1ficos y Audiovisuales, FIPCA\" data-allow_clear=\"true\" data-placeholder=\"\">\n\t\t\t\t\t\t\t<option value=\"No\" >No<\/option><option value=\"S\u00ed\" >S\u00ed<\/option>\n\t\t\t\t\t\t<\/select><\/div>\t\t\t\t\t\t\t\t\t\t\t\t\t\t\t\t<\/div>\n\t\t\t\t\t\t\t\t\t\t\t\t\t\t\t\t\t\t\t\t\t\t\t\t\t\t\t\t\t\t<div  data-field-id=\"select_1690557797\" class=\"ur-field-item field-select \">\n\t\t\t\t\t\t\t\t\t\t\t\t\t\t<div class=\"form-row \" id=\"select_1690557797_field\" data-priority=\"\" ><label for=\"select_1690557797\" class=\"ur-label\">\u00bfC\u00faal?<\/label><select data-rules=\"\" data-id=\"select_1690557797\" name=\"select_1690557797\" id=\"select_1690557797\" class=\"select ur-frontend-field  \" data-label=\"\u00bfC\u00faal?\" data-allow_clear=\"true\" data-placeholder=\"\">\n\t\t\t\t\t\t\t<option value=\"C\u00e1mara Argentina de la Industria Cinematogr\u00e1fica\" >C\u00e1mara Argentina de la Industria Cinematogr\u00e1fica<\/option><option value=\"Asociaci\u00f3n de Productores Independientes de Medios Audiovisuales\" >Asociaci\u00f3n de Productores Independientes de Medios Audiovisuales<\/option><option value=\"Asociaci\u00f3n de Cineastas de Bolivia\" >Asociaci\u00f3n de Cineastas de Bolivia<\/option><option value=\"Sindicato da Ind\u00fastria Audiovisual\" >Sindicato da Ind\u00fastria Audiovisual<\/option><option value=\"Asociaci\u00f3n de Productores de Cine y Televisi\u00f3n\" >Asociaci\u00f3n de Productores de Cine y Televisi\u00f3n<\/option><option value=\"Asociaci\u00f3n Colombiana de Productores del Cine y el Audiovisual\" >Asociaci\u00f3n Colombiana de Productores del Cine y el Audiovisual<\/option><option value=\"Asociaci\u00f3n Audiovisual del Valle del Cauca y Cali\" >Asociaci\u00f3n Audiovisual del Valle del Cauca y Cali<\/option><option value=\"Asociaci\u00f3n de Empresas Audiovisuales y Cinematogr\u00e1ficas de Medell\u00edn y Antioquia\" >Asociaci\u00f3n de Empresas Audiovisuales y Cinematogr\u00e1ficas de Medell\u00edn y Antioquia<\/option><option value=\"Instituto Cubano del Arte e Industria Cinematogr\u00e1ficos\" >Instituto Cubano del Arte e Industria Cinematogr\u00e1ficos<\/option><option value=\"Corporaci\u00f3n de Productores Audiovisuales del Ecuador\" >Corporaci\u00f3n de Productores Audiovisuales del Ecuador<\/option><option value=\"Asociaci\u00f3n Estatal de Cine\" >Asociaci\u00f3n Estatal de Cine<\/option><option value=\"Asociaci\u00f3n Madrile\u00f1a Audiovisual\" >Asociaci\u00f3n Madrile\u00f1a Audiovisual<\/option><option value=\"Asociaci\u00f3n Guatemalteca del Audiovisual y la Cinematograf\u00eda\" >Asociaci\u00f3n Guatemalteca del Audiovisual y la Cinematograf\u00eda<\/option><option value=\"Asociaci\u00f3n de Productores y Distribuidores de Pel\u00edculas Mexicanas\" >Asociaci\u00f3n de Productores y Distribuidores de Pel\u00edculas Mexicanas<\/option><option value=\"Asociaci\u00f3n Mexicana de Productores Independientes\" >Asociaci\u00f3n Mexicana de Productores Independientes<\/option><option value=\"Asociaci\u00f3n Cinematogr\u00e1fica de Panam\u00e1\" >Asociaci\u00f3n Cinematogr\u00e1fica de Panam\u00e1<\/option><option value=\"C\u00e1mara Paraguaya de Empresas Productoras de Cine y de Televisi\u00f3n\" >C\u00e1mara Paraguaya de Empresas Productoras de Cine y de Televisi\u00f3n<\/option><option value=\"Asociaci\u00f3n de Productores Cinematogr\u00e1ficos del Per\u00fa\" >Asociaci\u00f3n de Productores Cinematogr\u00e1ficos del Per\u00fa<\/option><option value=\"Associa\u00e7\u00e3o de Produtores de Cinema e Audiovisual\" >Associa\u00e7\u00e3o de Produtores de Cinema e Audiovisual<\/option><option value=\"Asociaci\u00f3n de Documentalistas de Puerto Rico\" >Asociaci\u00f3n de Documentalistas de Puerto Rico<\/option><option value=\"Asociaci\u00f3n Dominicana de Profesionales de la Industria del Cine\" >Asociaci\u00f3n Dominicana de Profesionales de la Industria del Cine<\/option><option value=\"Asociaci\u00f3n de Productores y Realizadores de Cine del Uruguay\" >Asociaci\u00f3n de Productores y Realizadores de Cine del Uruguay<\/option><option value=\"Asociaci\u00f3n Venezolana de Productores Audiovisuales\" >Asociaci\u00f3n Venezolana de Productores Audiovisuales<\/option><option value=\"C\u00e1mara Venezolana de Producci\u00f3n de Largometrajes\" >C\u00e1mara Venezolana de Producci\u00f3n de Largometrajes<\/option>\n\t\t\t\t\t\t<\/select><span class=\"description\">S\u00ed tu respuesta anterior fue s\u00ed, por favor selecciona una de las siguientes opciones. <\/span><\/div>\t\t\t\t\t\t\t\t\t\t\t\t\t\t\t\t<\/div>\n\t\t\t\t\t\t\t\t\t\t\t\t\t\t\t\t\t\t\t\t\t\t\t\t\t\t\t\t\t\t<div  data-field-id=\"description\" class=\"ur-field-item field-description \">\n\t\t\t\t\t\t\t\t\t\t\t\t\t\t<div class=\"form-row \" id=\"description_field\" data-priority=\"\" ><label for=\"description\" class=\"ur-label\">Describe tu perfil<\/label><textarea data-rules=\"\" data-id=\"description\" name=\"description\" class=\"input-text ur-frontend-field  \" id=\"description\" placeholder=\"\"  rows=\"2\" cols=\"5\"data-label=\"Describe tu perfil\"><\/textarea><span class=\"description\">Maximo 300 caracteres.<\/span><\/div>\t\t\t\t\t\t\t\t\t\t\t\t\t\t\t\t<\/div>\n\t\t\t\t\t\t\t\t\t\t\t\t\t\t\t\t\t\t\t\t\t\t\t\t\t<\/div>\n\t\t\t\t\t\t\t\t\t\t\t\t\t\t\t\t\t<\/div>\n\t\t\t\t\t\t\t\t\t\t\t\t\t\t\t\t\t<div class=\"ur-button-container \" >\n\t\t\t\t\t\t\t\t\t\t\t\t\t\t<button type=\"submit\" class=\"btn button ur-submit-button \" conditional_rules=\"&quot;&quot;\">\n\t\t\t\t\t\t\t\t<span><\/span>\n\t\t\t\t\t\t\t\tRegistrarse\t\t\t\t\t\t\t<\/button>\n\t\t\t\t\t\t\t\t\t\t\t\t\t\t\t\t\t\t\t\t<\/div>\n\t\t\t\t\t\t\n\t\t\t\t<div style=\"clear:both\"><\/div>\n\t\t\t\t\t\t\t\t<input type=\"hidden\" name=\"ur-user-form-id\" value=\"37\"\/>\n\t\t\t\t<input type=\"hidden\" name=\"ur-redirect-url\" value=\"https:\/\/trama.cerlalc.org\/?page_id=82\"\/>\n\t\t\t\t<input type=\"hidden\" id=\"ur_frontend_form_nonce\" name=\"ur_frontend_form_nonce\" value=\"8d9abbe1e5\" \/>\n\t\t\t\t\t\t\t<\/form>\n\t\t\t\n\t\t<div style=\"clear:both\"><\/div>\n\t<\/div>\n","protected":false},"excerpt":{"rendered":"","protected":false},"author":1,"featured_media":0,"parent":0,"menu_order":0,"comment_status":"closed","ping_status":"closed","template":"page-registro.php","meta":{"footnotes":""},"class_list":["post-39","page","type-page","status-publish","hentry"],"acf":[],"_links":{"self":[{"href":"https:\/\/trama.cerlalc.org\/index.php?rest_route=\/wp\/v2\/pages\/39","targetHints":{"allow":["GET"]}}],"collection":[{"href":"https:\/\/trama.cerlalc.org\/index.php?rest_route=\/wp\/v2\/pages"}],"about":[{"href":"https:\/\/trama.cerlalc.org\/index.php?rest_route=\/wp\/v2\/types\/page"}],"author":[{"embeddable":true,"href":"https:\/\/trama.cerlalc.org\/index.php?rest_route=\/wp\/v2\/users\/1"}],"replies":[{"embeddable":true,"href":"https:\/\/trama.cerlalc.org\/index.php?rest_route=%2Fwp%2Fv2%2Fcomments&post=39"}],"version-history":[{"count":1,"href":"https:\/\/trama.cerlalc.org\/index.php?rest_route=\/wp\/v2\/pages\/39\/revisions"}],"predecessor-version":[{"id":40,"href":"https:\/\/trama.cerlalc.org\/index.php?rest_route=\/wp\/v2\/pages\/39\/revisions\/40"}],"wp:attachment":[{"href":"https:\/\/trama.cerlalc.org\/index.php?rest_route=%2Fwp%2Fv2%2Fmedia&parent=39"}],"curies":[{"name":"wp","href":"https:\/\/api.w.org\/{rel}","templated":true}]}}